{"id":1710,"date":"2021-05-06T17:40:35","date_gmt":"2021-05-06T15:40:35","guid":{"rendered":"https:\/\/www.mrtaxi.cat\/?page_id=1710"},"modified":"2021-05-07T10:51:10","modified_gmt":"2021-05-07T08:51:10","slug":"cycling","status":"publish","type":"page","link":"https:\/\/www.mrtaxi.cat\/es\/servicios\/cycling\/","title":{"rendered":"Cycling"},"content":{"rendered":"<p><div class=\"fusion-fullwidth fullwidth-box nonhundred-percent-fullwidth non-hundred-percent-height-scrolling fusion-equal-height-columns\"  style='background-color: rgba(255,255,255,0);background-position: center center;background-repeat: no-repeat;padding-top:0px;padding-right:0px;padding-bottom:0px;padding-left:0px;'><div class=\"fusion-builder-row fusion-row \"><div  class=\"fusion-layout-column fusion_builder_column fusion_builder_column_1_1  fusion-one-full fusion-column-first fusion-column-last 1_1\"  style='margin-top:0px;margin-bottom:20px;'>\n\t\t\t\t\t<div class=\"fusion-column-wrapper\" style=\"padding: 0px 0px 0px 0px;background-position:left top;background-repeat:no-repeat;-webkit-background-size:cover;-moz-background-size:cover;-o-background-size:cover;background-size:cover;\"  data-bg-url=\"\">\n\t\t\t\t\t\t<div class=\"fusion-title title fusion-sep-none fusion-title-size-one\" style=\"margin-top:0px;margin-bottom:30px;\"><h1 class=\"title-heading-left\">Nuevo! Viajeros, ciclistas y caminantes.<\/h1><\/div><div class=\"fusion-clearfix\"><\/div>\n\n\t\t\t\t\t<\/div>\n\t\t\t\t<\/div><div  class=\"fusion-layout-column fusion_builder_column fusion_builder_column_1_2  fusion-one-half fusion-column-first 1_2\"  style='margin-top:0px;margin-bottom:0px;width:48%; margin-right: 4%;'>\n\t\t\t\t\t<div class=\"fusion-column-wrapper\" style=\"padding: 0px 0px 0px 0px;background-position:left top;background-repeat:no-repeat;-webkit-background-size:cover;-moz-background-size:cover;-o-background-size:cover;background-size:cover;\"  data-bg-url=\"\">\n\t\t\t\t\t\t<div class=\"fusion-text\"><p>Muchos ciclistas, se preguntan c\u00f3mo hacer una ruta concreta. Desde Mr.cycling ofrecemos a los ciclistas un servicio de traslado de equipaje, bicicletas o alquiler de ellas con la posibilidad de cubrir todos los puntos de inter\u00e9s en sus fant\u00e1sticas rutas en Catalunya o Espa\u00f1a.<\/p>\n<p>Nuestro servicio principal es el transporte de caminantes, ciclistas, equipajes, bicis, siempre con el objetivo de hacerles una vida m\u00e1s f\u00e1cil a los viajeros cuando est\u00e1n fuera de casa y permitirles disfrutar de sus rutas. Una vez finalizada la ruta, te volvemos al punto de origen o donde tu necesites.<\/p>\n<p>Para disfrutar de las rutas hay que olvidarse de llevar peso excesivo en la espalda. Puedes confiar tu mochila o equipaje a nosotros y etapa tras etapa podr\u00e1s recorrer m\u00e1s c\u00f3modo y seguro y disfrutar del paisaje.<\/p>\n<p>Tambi\u00e9n podemos transportar tu bicicleta por etapas o llevar tu bicicleta hasta o durante la ruta, hotel.<\/p>\n<\/div><div class=\"fusion-clearfix\"><\/div>\n\n\t\t\t\t\t<\/div>\n\t\t\t\t<\/div><div  class=\"fusion-layout-column fusion_builder_column fusion_builder_column_1_2  fusion-one-half fusion-column-last 1_2\"  style='margin-top:0px;margin-bottom:20px;width:48%'>\n\t\t\t\t\t<div class=\"fusion-column-wrapper\" style=\"padding: 0px 0px 0px 0px;background-position:left top;background-repeat:no-repeat;-webkit-background-size:cover;-moz-background-size:cover;-o-background-size:cover;background-size:cover;\"  data-bg-url=\"\">\n\t\t\t\t\t\t<div class=\"imageframe-align-center\"><span class=\"fusion-imageframe imageframe-none imageframe-1 hover-type-none\"><img loading=\"lazy\" decoding=\"async\" src=\"https:\/\/www.mrtaxi.cat\/wp-content\/uploads\/2021\/05\/cycling-persones.jpg\" width=\"800\" height=\"800\" alt=\"\" title=\"cycling persones\" class=\"img-responsive wp-image-1724\" srcset=\"https:\/\/www.mrtaxi.cat\/wp-content\/uploads\/2021\/05\/cycling-persones-200x200.jpg 200w, https:\/\/www.mrtaxi.cat\/wp-content\/uploads\/2021\/05\/cycling-persones-400x400.jpg 400w, https:\/\/www.mrtaxi.cat\/wp-content\/uploads\/2021\/05\/cycling-persones-600x600.jpg 600w, https:\/\/www.mrtaxi.cat\/wp-content\/uploads\/2021\/05\/cycling-persones.jpg 800w\" sizes=\"auto, (max-width: 800px) 100vw, 600px\" \/><\/span><\/div><div class=\"fusion-clearfix\"><\/div>\n\n\t\t\t\t\t<\/div>\n\t\t\t\t<\/div><\/div><\/div><div class=\"fusion-fullwidth fullwidth-box nonhundred-percent-fullwidth non-hundred-percent-height-scrolling fusion-equal-height-columns\"  style='background-color: rgba(255,255,255,0);background-position: center center;background-repeat: no-repeat;padding-top:0px;padding-right:0px;padding-bottom:0px;padding-left:0px;margin-bottom: 30px;margin-top: 30px;'><div class=\"fusion-builder-row fusion-row \"><div  class=\"fusion-layout-column fusion_builder_column fusion_builder_column_1_2  fusion-one-half fusion-column-first fusion-blend-mode 1_2\"  style='margin-top:0px;margin-bottom:20px;width:50%;width:calc(50% - ( ( 4% ) * 0.5 ) );margin-right: 4%;'>\n\t\t\t\t\t<div class=\"fusion-column-wrapper\" style=\"background-color:#000000;padding: 0px 0px 0px 0px;background-position:left top;background-repeat:no-repeat;-webkit-background-size:cover;-moz-background-size:cover;-o-background-size:cover;background-size:cover;\"  data-bg-url=\"\">\n\t\t\t\t\t\t<div class=\"fusion-column-content-centered\"><div class=\"fusion-column-content\"><div class=\"fusion-title title fusion-sep-none fusion-title-size-one\" style=\"margin-top:30px;margin-bottom:30px;\"><h1 class=\"title-heading-left\"><p style=\"text-align: center;\"><span style=\"color: #ffffff;\">Prueba nuestro servicio de taxis.<\/span><\/p><\/h1><\/div><\/div><\/div><div class=\"fusion-clearfix\"><\/div>\n\n\t\t\t\t\t<\/div>\n\t\t\t\t<\/div><div  class=\"fusion-layout-column fusion_builder_column fusion_builder_column_1_2  fusion-one-half fusion-column-last fusion-blend-mode 1_2\"  style='margin-top:0px;margin-bottom:20px;width:50%;width:calc(50% - ( ( 4% ) * 0.5 ) );'>\n\t\t\t\t\t<div class=\"fusion-column-wrapper\" style=\"background-color:#000000;padding: 0px 0px 0px 0px;background-position:left top;background-repeat:no-repeat;-webkit-background-size:cover;-moz-background-size:cover;-o-background-size:cover;background-size:cover;\"  data-bg-url=\"\">\n\t\t\t\t\t\t<div class=\"fusion-column-content-centered\"><div class=\"fusion-column-content\"><div class=\"fusion-title title fusion-sep-none fusion-title-size-one\" style=\"margin-top:30px;margin-bottom:30px;\"><h1 class=\"title-heading-left\"><p style=\"text-align: center;\"><span style=\"color: #ffffff;\">R\u00e1pido y confortable.<\/span><\/p><\/h1><\/div><\/div><\/div><div class=\"fusion-clearfix\"><\/div>\n\n\t\t\t\t\t<\/div>\n\t\t\t\t<\/div><\/div><\/div><div class=\"fusion-fullwidth fullwidth-box nonhundred-percent-fullwidth non-hundred-percent-height-scrolling\"  style='background-color: rgba(255,255,255,0);background-position: center center;background-repeat: no-repeat;padding-top:0px;padding-right:0px;padding-bottom:0px;padding-left:0px;'><div class=\"fusion-builder-row fusion-row \"><div  class=\"fusion-layout-column fusion_builder_column fusion_builder_column_1_2  fusion-one-half fusion-column-first 1_2\"  style='margin-top:0px;margin-bottom:20px;width:50%;width:calc(50% - ( ( 4% ) * 0.5 ) );margin-right: 4%;'>\n\t\t\t\t\t<div class=\"fusion-column-wrapper\" style=\"padding: 0px 0px 0px 0px;background-position:left top;background-repeat:no-repeat;-webkit-background-size:cover;-moz-background-size:cover;-o-background-size:cover;background-size:cover;\"  data-bg-url=\"\">\n\t\t\t\t\t\t<div class=\"imageframe-align-center\"><span class=\"fusion-imageframe imageframe-none imageframe-2 hover-type-none\"><img loading=\"lazy\" decoding=\"async\" src=\"https:\/\/www.mrtaxi.cat\/wp-content\/uploads\/2021\/05\/cycling-bici.jpg\" width=\"800\" height=\"800\" alt=\"\" title=\"cycling bici\" class=\"img-responsive wp-image-1728\" srcset=\"https:\/\/www.mrtaxi.cat\/wp-content\/uploads\/2021\/05\/cycling-bici-200x200.jpg 200w, https:\/\/www.mrtaxi.cat\/wp-content\/uploads\/2021\/05\/cycling-bici-400x400.jpg 400w, https:\/\/www.mrtaxi.cat\/wp-content\/uploads\/2021\/05\/cycling-bici-600x600.jpg 600w, https:\/\/www.mrtaxi.cat\/wp-content\/uploads\/2021\/05\/cycling-bici.jpg 800w\" sizes=\"auto, (max-width: 800px) 100vw, 600px\" \/><\/span><\/div><div class=\"fusion-clearfix\"><\/div>\n\n\t\t\t\t\t<\/div>\n\t\t\t\t<\/div><div  class=\"fusion-layout-column fusion_builder_column fusion_builder_column_1_2  fusion-one-half fusion-column-last 1_2\"  style='margin-top:0px;margin-bottom:20px;width:50%;width:calc(50% - ( ( 4% ) * 0.5 ) );'>\n\t\t\t\t\t<div class=\"fusion-column-wrapper\" style=\"padding: 0px 0px 0px 0px;background-position:left top;background-repeat:no-repeat;-webkit-background-size:cover;-moz-background-size:cover;-o-background-size:cover;background-size:cover;\"  data-bg-url=\"\">\n\t\t\t\t\t\t<div class=\"fusion-text\"><p>Tu servicio taxi en todas las rutas. Adem\u00e1s de nuestros servicios en traslado de equipajes y bicicletas, Mr.Cycling , te ofrece la posibilidad de nuestro servicio de taxi, te llevamos donde tu necesites. Punto de partida en la ruta, aeropuerto, estaci\u00f3n, hotel, estamos a tu completa disposici\u00f3n.<\/p>\n<p>Que ofrecemos:<\/p>\n<ul>\n<li>Ofrecemos todo tipo de servicios para hacer que tu ruta sea m\u00e1s f\u00e1cil y segura.<\/li>\n<li>Traslado al punto de inicio de tu hotel, ruta\u2026<\/li>\n<li>Transporte de mochilas o equipajes de etapa a etapa, durante toda la ruta.<\/li>\n<li>Traslado y recogida a distintos puntos de inter\u00e9s tur\u00edstico en algunas etapas.<\/li>\n<li>Servicio consigna, guardamos lo que quieras durante el tiempo que necesites.<\/li>\n<li>Asistencia al ciclista, en todas las etapas de tu ruta.<\/li>\n<li>Transporte de bicicletas.<\/li>\n<li>Rutas organizadas o guiadas por GPS con tracks incluidos.<\/li>\n<\/ul>\n<\/div><div class=\"fusion-clearfix\"><\/div>\n\n\t\t\t\t\t<\/div>\n\t\t\t\t<\/div><\/div><\/div><\/p>\n","protected":false},"excerpt":{"rendered":"","protected":false},"author":1,"featured_media":0,"parent":1477,"menu_order":0,"comment_status":"closed","ping_status":"closed","template":"","meta":{"footnotes":""},"class_list":["post-1710","page","type-page","status-publish","hentry"],"_links":{"self":[{"href":"https:\/\/www.mrtaxi.cat\/es\/wp-json\/wp\/v2\/pages\/1710\/"}],"collection":[{"href":"https:\/\/www.mrtaxi.cat\/es\/wp-json\/wp\/v2\/pages\/"}],"about":[{"href":"https:\/\/www.mrtaxi.cat\/es\/wp-json\/wp\/v2\/types\/page\/"}],"author":[{"embeddable":true,"href":"https:\/\/www.mrtaxi.cat\/es\/wp-json\/wp\/v2\/users\/1\/"}],"replies":[{"embeddable":true,"href":"https:\/\/www.mrtaxi.cat\/es\/wp-json\/wp\/v2\/comments\/?post=1710"}],"version-history":[{"count":14,"href":"https:\/\/www.mrtaxi.cat\/es\/wp-json\/wp\/v2\/pages\/1710\/revisions\/"}],"predecessor-version":[{"id":1749,"href":"https:\/\/www.mrtaxi.cat\/es\/wp-json\/wp\/v2\/pages\/1710\/revisions\/1749\/"}],"up":[{"embeddable":true,"href":"https:\/\/www.mrtaxi.cat\/es\/wp-json\/wp\/v2\/pages\/1477\/"}],"wp:attachment":[{"href":"https:\/\/www.mrtaxi.cat\/es\/wp-json\/wp\/v2\/media\/?parent=1710"}],"curies":[{"name":"wp","href":"https:\/\/api.w.org\/{rel}","templated":true}]}}