{"id":1489,"date":"2019-07-02T16:15:53","date_gmt":"2019-07-02T14:15:53","guid":{"rendered":"https:\/\/www.mrtaxi.cat\/?page_id=1489"},"modified":"2019-07-03T19:03:17","modified_gmt":"2019-07-03T17:03:17","slug":"para-particulares","status":"publish","type":"page","link":"https:\/\/www.mrtaxi.cat\/es\/servicios\/para-particulares\/","title":{"rendered":"Para particulares"},"content":{"rendered":"<p><div class=\"fusion-bg-parallax\"  data-bg-align=\"left bottom\" data-direction=\"up\" data-mute=\"false\" data-opacity=\"100\" data-velocity=\"-0.3\" data-mobile-enabled=\"false\" data-break_parents=\"0\" data-bg-image=\"http:\/\/mrtaxi.cat\/wp-content\/uploads\/2018\/12\/mr-taxi-serveis-per-a-particulars-titol-maletes.png\" data-bg-repeat=\"false\" data-bg-height=\"\" data-bg-width=\"\"><\/div><div class=\"fusion-fullwidth fullwidth-box fusion-parallax-up nonhundred-percent-fullwidth non-hundred-percent-height-scrolling\"  style='background-color: rgba(255,255,255,0);background-image: url(\"http:\/\/mrtaxi.cat\/wp-content\/uploads\/2018\/12\/mr-taxi-serveis-per-a-particulars-titol-maletes.png\");background-position: left bottom;background-repeat: no-repeat;padding-top:130px;padding-right:0px;padding-bottom:120px;padding-left:0px;border-top-width:0px;border-bottom-width:0px;border-color:#eae9e9;border-top-style:solid;border-bottom-style:solid;-webkit-background-size:cover;-moz-background-size:cover;-o-background-size:cover;background-size:cover;background-attachment:up;'><div class=\"fusion-builder-row fusion-row \"><div  class=\"fusion-layout-column fusion_builder_column fusion_builder_column_1_2  fusion-one-half fusion-column-first 1_2\"  style='margin-top:0px;margin-bottom:20px;width:48%; margin-right: 4%;'>\n\t\t\t\t\t<div class=\"fusion-column-wrapper\" style=\"padding: 0px 0px 0px 0px;background-position:left top;background-repeat:no-repeat;-webkit-background-size:cover;-moz-background-size:cover;-o-background-size:cover;background-size:cover;\"  data-bg-url=\"\">\n\t\t\t\t\t\t<div class=\"fusion-text\"><h2><span style=\"color: #ffffff;\">SERVICIOS PARA PARTICULARES<br \/>\n<\/span><\/h2>\n<p><span style=\"color: #ffffff;\">No tiene coche y necesita un transporte privado? Tiene que hacer una visita m\u00e9dica y quiere que le acompa\u00f1emos? Va de viaje y el avi\u00f3n sale de madrugada y necesita transporte al aeropuerto?<br \/>\n<\/span><\/p>\n<\/div><div class=\"fusion-sep-clear\"><\/div><div class=\"fusion-separator fusion-full-width-sep sep-none\" style=\"margin-left: auto;margin-right: auto;margin-top:20px;\"><\/div><div class=\"fusion-button-wrapper\"><style type=\"text\/css\" scoped=\"scoped\">.fusion-button.button-1 .fusion-button-text, .fusion-button.button-1 i {color:rgba(255,255,255,.75);}.fusion-button.button-1 {border-width:1px;border-color:rgba(255,255,255,.75);}.fusion-button.button-1 .fusion-button-icon-divider{border-color:rgba(255,255,255,.75);}.fusion-button.button-1:hover .fusion-button-text, .fusion-button.button-1:hover i,.fusion-button.button-1:focus .fusion-button-text, .fusion-button.button-1:focus i,.fusion-button.button-1:active .fusion-button-text, .fusion-button.button-1:active{color:rgba(255,255,255,.9);}.fusion-button.button-1:hover, .fusion-button.button-1:focus, .fusion-button.button-1:active{border-width:1px;border-color:rgba(255,255,255,.9);}.fusion-button.button-1:hover .fusion-button-icon-divider, .fusion-button.button-1:hover .fusion-button-icon-divider, .fusion-button.button-1:active .fusion-button-icon-divider{border-color:rgba(255,255,255,.9);}.fusion-button.button-1{width:auto;}<\/style><a class=\"fusion-button button-flat fusion-button-square button-xlarge button-default button-1\" target=\"_self\" href=\"https:\/\/www.mrtaxi.cat\/es\/contacto\/\"><span class=\"fusion-button-text\">CONTACTE CON NOSOTROS<\/span><\/a><\/div><div class=\"fusion-clearfix\"><\/div>\n\n\t\t\t\t\t<\/div>\n\t\t\t\t<\/div><div  class=\"fusion-layout-column fusion_builder_column fusion_builder_column_1_2  fusion-one-half fusion-column-last 1_2\"  style='margin-top:0px;margin-bottom:20px;width:48%'>\n\t\t\t\t\t<div class=\"fusion-column-wrapper\" style=\"padding: 0px 0px 0px 0px;background-position:left top;background-repeat:no-repeat;-webkit-background-size:cover;-moz-background-size:cover;-o-background-size:cover;background-size:cover;\"  data-bg-url=\"\">\n\t\t\t\t\t\t<div class=\"fusion-clearfix\"><\/div>\n\n\t\t\t\t\t<\/div>\n\t\t\t\t<\/div><\/div><\/div><div class=\"fusion-fullwidth fullwidth-box nonhundred-percent-fullwidth non-hundred-percent-height-scrolling\"  style='background-color: rgba(255,255,255,0);background-position: left top;background-repeat: no-repeat;padding-top:130px;padding-right:0px;padding-bottom:130px;padding-left:0px;border-top-width:0px;border-bottom-width:0px;border-color:#eae9e9;border-top-style:solid;border-bottom-style:solid;'><div class=\"fusion-builder-row fusion-row \"><div  class=\"fusion-layout-column fusion_builder_column fusion_builder_column_1_2  fusion-one-half fusion-column-first 1_2\"  style='margin-top:0px;margin-bottom:20px;width:48%; margin-right: 4%;'>\n\t\t\t\t\t<div class=\"fusion-column-wrapper\" style=\"padding: 0px 0px 0px 0px;background-position:left top;background-repeat:no-repeat;-webkit-background-size:cover;-moz-background-size:cover;-o-background-size:cover;background-size:cover;\"  data-bg-url=\"\">\n\t\t\t\t\t\t<div class=\"fusion-text\"><h2>LE ACOMPA\u00d1AMOS<\/h2>\n<\/div><div class=\"fusion-sep-clear\"><\/div><div class=\"fusion-separator sep-single sep-solid\" style=\"border-color:#e2e3e8;border-top-width:3px;margin-top:0px;margin-bottom:35px;width:100%;max-width:170px;\"><\/div><div class=\"fusion-text\"><h3><em>No solamente lo llevamos, sin\u00f3 que lo acompa\u00f1amos hasta donde usted quiera.<br \/>\n<\/em><\/h3>\n<\/div><div class=\"fusion-text\"><p><span style=\"font-weight: 400;\">Mr. Taxi no somos s\u00f3lo un veh\u00edculo, somos personas al servicio de otras personas. Le recogemos, le llevamos a su destino y, una vez all\u00ed, estamos a su disposici\u00f3n: le dejamos, le esperamos o, si quiere, le acompa\u00f1amos hasta donde usted quiera.\u00a0<\/span><\/p>\n<\/div><div class=\"fusion-clearfix\"><\/div>\n\n\t\t\t\t\t<\/div>\n\t\t\t\t<\/div><div  class=\"fusion-layout-column fusion_builder_column fusion_builder_column_1_2  fusion-one-half fusion-column-last 1_2\"  style='margin-top:0px;margin-bottom:20px;width:48%'>\n\t\t\t\t\t<div class=\"fusion-column-wrapper\" style=\"padding: 0px 0px 0px 0px;background-position:left top;background-repeat:no-repeat;-webkit-background-size:cover;-moz-background-size:cover;-o-background-size:cover;background-size:cover;\"  data-bg-url=\"\">\n\t\t\t\t\t\t<span class=\"fusion-imageframe imageframe-none imageframe-1 hover-type-zoomin fusion-animated\" data-animationType=\"fadeInDown\" data-animationDuration=\"1.0\" data-animationOffset=\"100%\"><a href=\"http:\/\/mrtaxi.cat\/wp-content\/uploads\/2018\/12\/mr-taxi-serveis-per-a-particulars-acompanyament.png\" class=\"fusion-lightbox\" data-rel=\"iLightbox[5e709554c3e73e2946c]\"><img decoding=\"async\" src=\"http:\/\/mrtaxi.cat\/wp-content\/uploads\/2018\/12\/mr-taxi-serveis-per-a-particulars-acompanyament.png\" width=\"\" height=\"\" alt=\"\" class=\"img-responsive\"\/><\/a><\/span><div class=\"fusion-clearfix\"><\/div>\n\n\t\t\t\t\t<\/div>\n\t\t\t\t<\/div><\/div><\/div><div class=\"fusion-fullwidth fullwidth-box fusion-parallax-none nonhundred-percent-fullwidth non-hundred-percent-height-scrolling\"  style='background-color: rgba(255,255,255,0);background-image: url(\"http:\/\/mrtaxi.cat\/wp-content\/uploads\/2018\/12\/mr-taxi-serveis-per-a-particulars_.png\");background-position: center center;background-repeat: no-repeat;padding-top:110px;padding-right:0px;padding-bottom:50px;padding-left:0px;border-top-width:0px;border-bottom-width:0px;border-color:#eae9e9;border-top-style:solid;border-bottom-style:solid;-webkit-background-size:cover;-moz-background-size:cover;-o-background-size:cover;background-size:cover;'><div class=\"fusion-builder-row fusion-row \"><div  class=\"fusion-layout-column fusion_builder_column fusion_builder_column_2_5  fusion-two-fifth fusion-column-first 2_5\"  style='margin-top:0px;margin-bottom:0px;width:37.6%; margin-right: 4%;'>\n\t\t\t\t\t<div class=\"fusion-column-wrapper\" style=\"border-right:3px solid #ffffff;padding: 0px 0px 0px 0px;background-position:right center;background-repeat:no-repeat;-webkit-background-size:cover;-moz-background-size:cover;-o-background-size:cover;background-size:cover;\"  data-bg-url=\"\">\n\t\t\t\t\t\t<div class=\"fusion-text\"><h2><span style=\"color: #ffffff;\">D\u00c9JELO TODO EN NUESTRAS MANOS<\/span><\/h2>\n<\/div><div class=\"fusion-clearfix\"><\/div>\n\n\t\t\t\t\t<\/div>\n\t\t\t\t<\/div><div  class=\"fusion-layout-column fusion_builder_column fusion_builder_column_3_5  fusion-three-fifth fusion-column-last 3_5\"  style='margin-top:0px;margin-bottom:100px;width:58.4%'>\n\t\t\t\t\t<div class=\"fusion-column-wrapper\" style=\"padding: 0px 0px 0px 0px;background-position:left top;background-repeat:no-repeat;-webkit-background-size:cover;-moz-background-size:cover;-o-background-size:cover;background-size:cover;\"  data-bg-url=\"\">\n\t\t\t\t\t\t<div class=\"fusion-text\"><h3><span style=\"color: #ffffff;\"><em> Con nosotros no debe preocuparse ni de c\u00f3mo llegar, ni de mapas, ni de la hora que debe salir, ni de d\u00f3nde va a tener que aparcar.<br \/>\n<\/em><\/span><\/h3>\n<\/div><div class=\"fusion-clearfix\"><\/div>\n\n\t\t\t\t\t<\/div>\n\t\t\t\t<\/div><\/div><\/div><div class=\"fusion-fullwidth fullwidth-box nonhundred-percent-fullwidth non-hundred-percent-height-scrolling fusion-equal-height-columns\"  style='background-color: rgba(255,255,255,0);background-position: left top;background-repeat: no-repeat;padding-top:130px;padding-right:0px;padding-bottom:110px;padding-left:0px;border-top-width:0px;border-bottom-width:0px;border-color:#eae9e9;border-top-style:solid;border-bottom-style:solid;'><div class=\"fusion-builder-row fusion-row \"><div  class=\"fusion-layout-column fusion_builder_column fusion_builder_column_1_2  fusion-one-half fusion-column-first fusion-blend-mode 1_2\"  style='margin-top:0px;margin-bottom:40px;width:48%; margin-right: 4%;'>\n\t\t\t\t\t<div class=\"fusion-column-wrapper\" style=\"background-color:#f8f8f8;padding: 0px 0px 0px 0px;background-position:left top;background-repeat:no-repeat;-webkit-background-size:cover;-moz-background-size:cover;-o-background-size:cover;background-size:cover;\"  data-bg-url=\"\">\n\t\t\t\t\t\t<div class=\"imageframe-align-center\"><span class=\"fusion-imageframe imageframe-none imageframe-2 hover-type-zoomin\"><a href=\"http:\/\/mrtaxi.cat\/wp-content\/uploads\/2018\/12\/mr-taxi-serveis-per-a-particulars-viatge.png\" class=\"fusion-lightbox\" data-rel=\"iLightbox[da5ca125e908848d0f3]\"><img decoding=\"async\" src=\"http:\/\/mrtaxi.cat\/wp-content\/uploads\/2018\/12\/mr-taxi-serveis-per-a-particulars-viatge.png\" width=\"\" height=\"\" alt=\"\" class=\"img-responsive\"\/><\/a><\/span><\/div><div class=\"fusion-text\"><div style=\"padding: 25px;\">\n<h4>Van de viaje?<\/h4>\n<p>A veces la combinaci\u00f3n de transporte p\u00fablico para llegar a su destino o bien al aeropuerto es inexistente o complicada (y cara). Si son un grupo o si el vuelo sale de madrugada o a primera hora de la ma\u00f1ana, quiz\u00e1s les valga la pena no tener que coger los coches particulares y buscar un p\u00e1rquing para todos los d\u00edas que van a estar fuera.<\/p>\n<\/div>\n<\/div><div class=\"fusion-clearfix\"><\/div>\n\n\t\t\t\t\t<\/div>\n\t\t\t\t<\/div><div  class=\"fusion-layout-column fusion_builder_column fusion_builder_column_1_2  fusion-one-half fusion-column-last fusion-blend-mode 1_2\"  style='margin-top:0px;margin-bottom:20px;width:48%'>\n\t\t\t\t\t<div class=\"fusion-column-wrapper\" style=\"background-color:#f8f8f8;padding: 0px 0px 0px 0px;background-position:left top;background-repeat:no-repeat;-webkit-background-size:cover;-moz-background-size:cover;-o-background-size:cover;background-size:cover;\"  data-bg-url=\"\">\n\t\t\t\t\t\t<div class=\"imageframe-align-center\"><span class=\"fusion-imageframe imageframe-none imageframe-3 hover-type-zoomin\"><a href=\"http:\/\/mrtaxi.cat\/wp-content\/uploads\/2018\/12\/mr-taxi-serveis-per-a-particulars-visita-medica.png\" class=\"fusion-lightbox\" data-rel=\"iLightbox[427320fce5100f86b14]\"><img decoding=\"async\" src=\"http:\/\/mrtaxi.cat\/wp-content\/uploads\/2018\/12\/mr-taxi-serveis-per-a-particulars-visita-medica.png\" width=\"\" height=\"\" alt=\"\" class=\"img-responsive\"\/><\/a><\/span><\/div><div class=\"fusion-text\"><div style=\"padding: 25px;\">\n<h4>Acompa\u00f1amiento a visitas m\u00e9dicas<\/h4>\n<p>Ir al m\u00e9dico implica preocupaciones y malestar. Con Mr. Taxi por lo menos se podr\u00e1 olvidar de la log\u00edstica de c\u00f3mo llegar. Si quiere, le acompa\u00f1amos hasta la puerta del edificio y\/o nos esperamos en la sala de espera hasta que salga de la consulta.<\/p>\n<\/div>\n<\/div><div class=\"fusion-clearfix\"><\/div>\n\n\t\t\t\t\t<\/div>\n\t\t\t\t<\/div><\/div><\/div><div class=\"fusion-bg-parallax\"  data-bg-align=\"left top\" data-direction=\"up\" data-mute=\"false\" data-opacity=\"100\" data-velocity=\"-0.3\" data-mobile-enabled=\"false\" data-break_parents=\"0\" data-bg-image=\"http:\/\/mrtaxi.cat\/wp-content\/uploads\/2018\/12\/Mr-taxi-serveis-particulars-testimonis.png\" data-bg-repeat=\"false\" data-bg-height=\"\" data-bg-width=\"\"><\/div><div class=\"fusion-fullwidth fullwidth-box fusion-parallax-up nonhundred-percent-fullwidth non-hundred-percent-height-scrolling\"  style='background-color: rgba(255,255,255,0);background-image: url(\"http:\/\/mrtaxi.cat\/wp-content\/uploads\/2018\/12\/Mr-taxi-serveis-particulars-testimonis.png\");background-position: left top;background-repeat: no-repeat;padding-top:95px;padding-right:0px;padding-bottom:75px;padding-left:0px;border-top-width:0px;border-bottom-width:0px;border-color:#eae9e9;border-top-style:solid;border-bottom-style:solid;-webkit-background-size:cover;-moz-background-size:cover;-o-background-size:cover;background-size:cover;background-attachment:up;'><div class=\"fusion-builder-row fusion-row \"><div  class=\"fusion-layout-column fusion_builder_column fusion_builder_column_1_1  fusion-one-full fusion-column-first fusion-column-last fusion-column-no-min-height 1_1\"  style='margin-top:0px;margin-bottom:0px;'>\n\t\t\t\t\t<div class=\"fusion-column-wrapper\" style=\"padding: 0px 0px 0px 0px;background-position:left top;background-repeat:no-repeat;-webkit-background-size:cover;-moz-background-size:cover;-o-background-size:cover;background-size:cover;\"  data-bg-url=\"\">\n\t\t\t\t\t\t<div class=\"fusion-testimonials clean fusion-testimonials-1\" data-random=\"0\"><style type=\"text\/css\" scoped=\"scoped\">#fusion-testimonials-1 a{border-color:#ffffff;}#fusion-testimonials-1 a:hover, #fusion-testimonials-1 .activeSlide{background-color: #ffffff;}.fusion-testimonials.clean.fusion-testimonials-1 .author:after{border-top-color:transparent !important;}<\/style><div class=\"reviews\"><div class=\"review no-avatar\"><blockquote style=\"margin: -25px;background-color:transparent;\"><q style=\"background-color:transparent;color:#ffffff;\">\n<p><span style=\"font-weight: 400;\">Mis padres son mayores y tienen que hacerse controles m\u00e9dicos peri\u00f3dicamente. Con Mr. Taxi no tengo que pedir fiesta del trabajo y estoy tranquilo porque s\u00e9 que est\u00e1n en buenas manos.\u00a0<\/span><\/p>\n<\/q><\/blockquote><div class=\"author\" style=\"color:#ffffff;\"><span class=\"company-name\"><strong>Mart\u00ed<\/strong><\/span><\/div><\/div><div class=\"review no-avatar\"><blockquote style=\"margin: -25px;background-color:transparent;\"><q style=\"background-color:transparent;color:#ffffff;\">\n<p><span style=\"font-weight: 400;\">Tengo muchos amigos en diferentes sitios pero desde que me qued\u00e9 viuda hab\u00eda dejado de visitarlos por el miedo de ir sola. Ahora, con Mr. Taxi he perdido el miedo y gracias a ellos vuelvo a viajar.\u00a0<\/span><\/p>\n<\/q><\/blockquote><div class=\"author\" style=\"color:#ffffff;\"><span class=\"company-name\"><strong>Rosa<\/strong><\/span><\/div><\/div><\/div><div class=\"testimonial-pagination\" id=\"fusion-testimonials-1\"><\/div><\/div><div class=\"fusion-clearfix\"><\/div>\n\n\t\t\t\t\t<\/div>\n\t\t\t\t<\/div><\/div><\/div><\/p>\n","protected":false},"excerpt":{"rendered":"","protected":false},"author":3,"featured_media":0,"parent":1477,"menu_order":0,"comment_status":"closed","ping_status":"closed","template":"100-width.php","meta":{"footnotes":""},"class_list":["post-1489","page","type-page","status-publish","hentry"],"_links":{"self":[{"href":"https:\/\/www.mrtaxi.cat\/es\/wp-json\/wp\/v2\/pages\/1489\/"}],"collection":[{"href":"https:\/\/www.mrtaxi.cat\/es\/wp-json\/wp\/v2\/pages\/"}],"about":[{"href":"https:\/\/www.mrtaxi.cat\/es\/wp-json\/wp\/v2\/types\/page\/"}],"author":[{"embeddable":true,"href":"https:\/\/www.mrtaxi.cat\/es\/wp-json\/wp\/v2\/users\/3\/"}],"replies":[{"embeddable":true,"href":"https:\/\/www.mrtaxi.cat\/es\/wp-json\/wp\/v2\/comments\/?post=1489"}],"version-history":[{"count":14,"href":"https:\/\/www.mrtaxi.cat\/es\/wp-json\/wp\/v2\/pages\/1489\/revisions\/"}],"predecessor-version":[{"id":1657,"href":"https:\/\/www.mrtaxi.cat\/es\/wp-json\/wp\/v2\/pages\/1489\/revisions\/1657\/"}],"up":[{"embeddable":true,"href":"https:\/\/www.mrtaxi.cat\/es\/wp-json\/wp\/v2\/pages\/1477\/"}],"wp:attachment":[{"href":"https:\/\/www.mrtaxi.cat\/es\/wp-json\/wp\/v2\/media\/?parent=1489"}],"curies":[{"name":"wp","href":"https:\/\/api.w.org\/{rel}","templated":true}]}}