{"id":1486,"date":"2019-07-02T16:15:27","date_gmt":"2019-07-02T14:15:27","guid":{"rendered":"https:\/\/www.mrtaxi.cat\/?page_id=1486"},"modified":"2019-07-03T19:03:03","modified_gmt":"2019-07-03T17:03:03","slug":"para-empreses","status":"publish","type":"page","link":"https:\/\/www.mrtaxi.cat\/es\/servicios\/para-empreses\/","title":{"rendered":"Para empresas"},"content":{"rendered":"<p><div class=\"fusion-bg-parallax\"  data-bg-align=\"left top\" data-direction=\"up\" data-mute=\"false\" data-opacity=\"100\" data-velocity=\"-0.3\" data-mobile-enabled=\"false\" data-break_parents=\"0\" data-bg-image=\"http:\/\/mrtaxi.cat\/wp-content\/uploads\/2018\/12\/mr-serveis-per-a-empreses.png\" data-bg-repeat=\"false\" data-bg-height=\"\" data-bg-width=\"\"><\/div><div class=\"fusion-fullwidth fullwidth-box fusion-parallax-up nonhundred-percent-fullwidth non-hundred-percent-height-scrolling\"  style='background-color: rgba(255,255,255,0);background-image: url(\"http:\/\/mrtaxi.cat\/wp-content\/uploads\/2018\/12\/mr-serveis-per-a-empreses.png\");background-position: left top;background-repeat: no-repeat;padding-top:130px;padding-right:0px;padding-bottom:120px;padding-left:0px;border-top-width:0px;border-bottom-width:0px;border-color:#eae9e9;border-top-style:solid;border-bottom-style:solid;-webkit-background-size:cover;-moz-background-size:cover;-o-background-size:cover;background-size:cover;background-attachment:up;'><div class=\"fusion-builder-row fusion-row \"><div  class=\"fusion-layout-column fusion_builder_column fusion_builder_column_1_2  fusion-one-half fusion-column-first 1_2\"  style='margin-top:0px;margin-bottom:20px;width:48%; margin-right: 4%;'>\n\t\t\t\t\t<div class=\"fusion-column-wrapper\" style=\"padding: 0px 0px 0px 0px;background-position:left top;background-repeat:no-repeat;-webkit-background-size:cover;-moz-background-size:cover;-o-background-size:cover;background-size:cover;\"  data-bg-url=\"\">\n\t\t\t\t\t\t<div class=\"fusion-text\"><h2><span style=\"color: #ffffff;\">SERVICIOS PARA EMPRESAS<br \/>\n<\/span><\/h2>\n<p><span style=\"color: #ffffff;\">Tienen una reuni\u00f3n importante y no quieren preocuparse de la conducci\u00f3n? Llegar\u00e1n muy tarde al aeropuerto despu\u00e9s de un viaje largo y quieren la m\u00e1xima seguridad en la carretera? Necesitan a alguien para recibir y trasladar unos clientes importantes?<br \/>\n<\/span><\/p>\n<\/div><div class=\"fusion-sep-clear\"><\/div><div class=\"fusion-separator fusion-full-width-sep sep-none\" style=\"margin-left: auto;margin-right: auto;margin-top:20px;\"><\/div><div class=\"fusion-button-wrapper\"><style type=\"text\/css\" scoped=\"scoped\">.fusion-button.button-1 .fusion-button-text, .fusion-button.button-1 i {color:rgba(255,255,255,.75);}.fusion-button.button-1 {border-width:1px;border-color:rgba(255,255,255,.75);}.fusion-button.button-1 .fusion-button-icon-divider{border-color:rgba(255,255,255,.75);}.fusion-button.button-1:hover .fusion-button-text, .fusion-button.button-1:hover i,.fusion-button.button-1:focus .fusion-button-text, .fusion-button.button-1:focus i,.fusion-button.button-1:active .fusion-button-text, .fusion-button.button-1:active{color:rgba(255,255,255,.9);}.fusion-button.button-1:hover, .fusion-button.button-1:focus, .fusion-button.button-1:active{border-width:1px;border-color:rgba(255,255,255,.9);}.fusion-button.button-1:hover .fusion-button-icon-divider, .fusion-button.button-1:hover .fusion-button-icon-divider, .fusion-button.button-1:active .fusion-button-icon-divider{border-color:rgba(255,255,255,.9);}.fusion-button.button-1{width:auto;}<\/style><a class=\"fusion-button button-flat fusion-button-square button-xlarge button-default button-1\" target=\"_self\" href=\"https:\/\/www.mrtaxi.cat\/es\/contacto\/\"><span class=\"fusion-button-text\">CONTACTE CON NOSOTROS<\/span><\/a><\/div><div class=\"fusion-clearfix\"><\/div>\n\n\t\t\t\t\t<\/div>\n\t\t\t\t<\/div><div  class=\"fusion-layout-column fusion_builder_column fusion_builder_column_1_2  fusion-one-half fusion-column-last 1_2\"  style='margin-top:0px;margin-bottom:20px;width:48%'>\n\t\t\t\t\t<div class=\"fusion-column-wrapper\" style=\"padding: 0px 0px 0px 0px;background-position:left top;background-repeat:no-repeat;-webkit-background-size:cover;-moz-background-size:cover;-o-background-size:cover;background-size:cover;\"  data-bg-url=\"\">\n\t\t\t\t\t\t<div class=\"fusion-clearfix\"><\/div>\n\n\t\t\t\t\t<\/div>\n\t\t\t\t<\/div><\/div><\/div><div class=\"fusion-fullwidth fullwidth-box nonhundred-percent-fullwidth non-hundred-percent-height-scrolling\"  style='background-color: rgba(255,255,255,0);background-position: left top;background-repeat: no-repeat;padding-top:130px;padding-right:0px;padding-bottom:130px;padding-left:0px;border-top-width:0px;border-bottom-width:0px;border-color:#eae9e9;border-top-style:solid;border-bottom-style:solid;'><div class=\"fusion-builder-row fusion-row \"><div  class=\"fusion-layout-column fusion_builder_column fusion_builder_column_2_3  fusion-two-third fusion-column-first 2_3\"  style='margin-top:0px;margin-bottom:20px;width:65.3333%; margin-right: 4%;'>\n\t\t\t\t\t<div class=\"fusion-column-wrapper\" style=\"padding: 0px 0px 0px 0px;background-position:left top;background-repeat:no-repeat;-webkit-background-size:cover;-moz-background-size:cover;-o-background-size:cover;background-size:cover;\"  data-bg-url=\"\">\n\t\t\t\t\t\t<div class=\"fusion-text\"><h2>M\u00c1XIMA PROFESIONALIDAD<\/h2>\n<\/div><div class=\"fusion-sep-clear\"><\/div><div class=\"fusion-separator sep-single sep-solid\" style=\"border-color:#e2e3e8;border-top-width:3px;margin-top:0px;margin-bottom:35px;width:100%;max-width:170px;\"><\/div><div class=\"fusion-text\"><h3><em>El mejor servicio para usted, para sus trabajadores, para sus clientes y para sus proveedores<\/em><\/h3>\n<\/div><div class=\"fusion-text\"><h2><\/h2>\n<p>Su trabajo es hacer funcionar la empresa, el nuestro es conducir y acompa\u00f1arle a usted, a sus trabajadores y a sus visitas. Trabajamos para ahorrarle tiempo y quitarle preocupaciones. Para que si debe ir a una reuni\u00f3n no deba preocuparse de conducir, del trayecto o del aparcamiento. Para que si tiene que recibir una visita la pueda esperar en su despacho o en el lugar de la reuni\u00f3n con la seguridad que nosotros nos ocupamos de todo. Nuestros servicios deben ser para usted como un ahorro en tiempo y en riesgos.<\/p>\n<\/div><div class=\"fusion-clearfix\"><\/div>\n\n\t\t\t\t\t<\/div>\n\t\t\t\t<\/div><div  class=\"fusion-layout-column fusion_builder_column fusion_builder_column_1_3  fusion-one-third fusion-column-last 1_3\"  style='margin-top:0px;margin-bottom:20px;width:30.6666%'>\n\t\t\t\t\t<div class=\"fusion-column-wrapper\" style=\"padding: 0px 0px 0px 0px;background-position:left top;background-repeat:no-repeat;-webkit-background-size:cover;-moz-background-size:cover;-o-background-size:cover;background-size:cover;\"  data-bg-url=\"\">\n\t\t\t\t\t\t<span class=\"fusion-imageframe imageframe-none imageframe-1 hover-type-zoomin fusion-animated\" data-animationType=\"fadeInDown\" data-animationDuration=\"1.0\" data-animationOffset=\"100%\"><a href=\"http:\/\/mrtaxi.cat\/wp-content\/uploads\/2018\/12\/mr-taxi-serveis-per-a-empreses-professionalitat.png\" class=\"fusion-lightbox\" data-rel=\"iLightbox[d32d23ab631919e0495]\"><img decoding=\"async\" src=\"http:\/\/mrtaxi.cat\/wp-content\/uploads\/2018\/12\/mr-taxi-serveis-per-a-empreses-professionalitat.png\" width=\"\" height=\"\" alt=\"\" class=\"img-responsive\"\/><\/a><\/span><div class=\"fusion-clearfix\"><\/div>\n\n\t\t\t\t\t<\/div>\n\t\t\t\t<\/div><\/div><\/div><div class=\"fusion-fullwidth fullwidth-box fusion-parallax-none nonhundred-percent-fullwidth non-hundred-percent-height-scrolling\"  style='background-color: rgba(255,255,255,0);background-image: url(\"http:\/\/mrtaxi.cat\/wp-content\/uploads\/2018\/12\/mr-taxi-serveis-empreses.png\");background-position: center center;background-repeat: no-repeat;padding-top:110px;padding-right:0px;padding-bottom:50px;padding-left:0px;border-top-width:0px;border-bottom-width:0px;border-color:#eae9e9;border-top-style:solid;border-bottom-style:solid;-webkit-background-size:cover;-moz-background-size:cover;-o-background-size:cover;background-size:cover;'><div class=\"fusion-builder-row fusion-row \"><div  class=\"fusion-layout-column fusion_builder_column fusion_builder_column_1_2  fusion-one-half fusion-column-first 1_2\"  style='margin-top:0px;margin-bottom:0px;width:48%; margin-right: 4%;'>\n\t\t\t\t\t<div class=\"fusion-column-wrapper\" style=\"border-right:3px solid #ffffff;padding: 0px 0px 0px 0px;background-position:right center;background-repeat:no-repeat;-webkit-background-size:cover;-moz-background-size:cover;-o-background-size:cover;background-size:cover;\"  data-bg-url=\"\">\n\t\t\t\t\t\t<div class=\"fusion-text\"><h2><span style=\"color: #ffffff;\">DISCRECI\u00d3N<\/span> <span style=\"color: #ffffff;\">CONFIDENCIALIDAD<\/span><\/h2>\n<\/div><div class=\"fusion-clearfix\"><\/div>\n\n\t\t\t\t\t<\/div>\n\t\t\t\t<\/div><div  class=\"fusion-layout-column fusion_builder_column fusion_builder_column_1_2  fusion-one-half fusion-column-last 1_2\"  style='margin-top:0px;margin-bottom:100px;width:48%'>\n\t\t\t\t\t<div class=\"fusion-column-wrapper\" style=\"padding: 0px 0px 0px 0px;background-position:left top;background-repeat:no-repeat;-webkit-background-size:cover;-moz-background-size:cover;-o-background-size:cover;background-size:cover;\"  data-bg-url=\"\">\n\t\t\t\t\t\t<div class=\"fusion-text\"><h3><span style=\"color: #ffffff;\"><em> Para que el trayecto pueda ser un momento de descanso, de trabajo personal o de reuni\u00f3n. <\/em><\/span><\/h3>\n<\/div><div class=\"fusion-clearfix\"><\/div>\n\n\t\t\t\t\t<\/div>\n\t\t\t\t<\/div><\/div><\/div><div class=\"fusion-fullwidth fullwidth-box nonhundred-percent-fullwidth non-hundred-percent-height-scrolling fusion-equal-height-columns\"  style='background-color: rgba(255,255,255,0);background-position: left top;background-repeat: no-repeat;padding-top:130px;padding-right:0px;padding-bottom:110px;padding-left:0px;border-top-width:0px;border-bottom-width:0px;border-color:#eae9e9;border-top-style:solid;border-bottom-style:solid;'><div class=\"fusion-builder-row fusion-row \"><div  class=\"fusion-layout-column fusion_builder_column fusion_builder_column_1_2  fusion-one-half fusion-column-first fusion-blend-mode 1_2\"  style='margin-top:0px;margin-bottom:40px;width:48%; margin-right: 4%;'>\n\t\t\t\t\t<div class=\"fusion-column-wrapper\" style=\"background-color:#f8f8f8;padding: 0px 0px 0px 0px;background-position:left top;background-repeat:no-repeat;-webkit-background-size:cover;-moz-background-size:cover;-o-background-size:cover;background-size:cover;\"  data-bg-url=\"\">\n\t\t\t\t\t\t<div class=\"imageframe-align-center\"><span class=\"fusion-imageframe imageframe-none imageframe-2 hover-type-zoomin\"><a href=\"http:\/\/mrtaxi.cat\/wp-content\/uploads\/2018\/12\/mr-taxi-serveis-empreses-primer-contacte.png\" class=\"fusion-lightbox\" data-rel=\"iLightbox[e77daaf5168a9bf2550]\"><img decoding=\"async\" src=\"http:\/\/mrtaxi.cat\/wp-content\/uploads\/2018\/12\/mr-taxi-serveis-empreses-primer-contacte.png\" width=\"\" height=\"\" alt=\"\" class=\"img-responsive\"\/><\/a><\/span><\/div><div class=\"fusion-text\"><div style=\"padding: 25px;\">\n<h4>Somos el primer contacto para sus visitas<\/h4>\n<p>No es necesario que se desplace, nosotros lo hacemos por usted. Nos encargamos de recibir sus visitas y acompa\u00f1arlas hasta el destino dando respuesta tanto a sus peticiones como a las de sus clientes o proveedores.<\/p>\n<\/div>\n<\/div><div class=\"fusion-clearfix\"><\/div>\n\n\t\t\t\t\t<\/div>\n\t\t\t\t<\/div><div  class=\"fusion-layout-column fusion_builder_column fusion_builder_column_1_2  fusion-one-half fusion-column-last fusion-blend-mode 1_2\"  style='margin-top:0px;margin-bottom:20px;width:48%'>\n\t\t\t\t\t<div class=\"fusion-column-wrapper\" style=\"background-color:#f8f8f8;padding: 0px 0px 0px 0px;background-position:left top;background-repeat:no-repeat;-webkit-background-size:cover;-moz-background-size:cover;-o-background-size:cover;background-size:cover;\"  data-bg-url=\"\">\n\t\t\t\t\t\t<div class=\"imageframe-align-center\"><span class=\"fusion-imageframe imageframe-none imageframe-3 hover-type-zoomin\"><a href=\"http:\/\/mrtaxi.cat\/wp-content\/uploads\/2018\/12\/mr-taxi-serveis-empreses-cotxe-treball.png\" class=\"fusion-lightbox\" data-rel=\"iLightbox[06eeef93badb783895d]\"><img decoding=\"async\" src=\"http:\/\/mrtaxi.cat\/wp-content\/uploads\/2018\/12\/mr-taxi-serveis-empreses-cotxe-treball.png\" width=\"\" height=\"\" alt=\"\" class=\"img-responsive\"\/><\/a><\/span><\/div><div class=\"fusion-text\"><div style=\"padding: 25px;\">\n<h4>El trayecto, un espacio de trabajo<\/h4>\n<p>Sabemos que el tiempo es oro y, por eso, le ponemos las condiciones adecuadas para que su trayecto pueda ser un momento de trabajo: conexi\u00f3n el\u00e9ctrica y USB, mesa de trabajo, wifi, agua y cualquier cosa que pueda necesitar.<\/p>\n<\/div>\n<\/div><div class=\"fusion-clearfix\"><\/div>\n\n\t\t\t\t\t<\/div>\n\t\t\t\t<\/div><\/div><\/div><div class=\"fusion-bg-parallax\"  data-bg-align=\"left top\" data-direction=\"up\" data-mute=\"false\" data-opacity=\"100\" data-velocity=\"-0.3\" data-mobile-enabled=\"false\" data-break_parents=\"0\" data-bg-image=\"http:\/\/mrtaxi.cat\/wp-content\/uploads\/2018\/12\/mr-taxi-serveis-empreses-fons-testiomonis.png\" data-bg-repeat=\"false\" data-bg-height=\"\" data-bg-width=\"\"><\/div><div class=\"fusion-fullwidth fullwidth-box fusion-parallax-up nonhundred-percent-fullwidth non-hundred-percent-height-scrolling\"  style='background-color: rgba(255,255,255,0);background-image: url(\"http:\/\/mrtaxi.cat\/wp-content\/uploads\/2018\/12\/mr-taxi-serveis-empreses-fons-testiomonis.png\");background-position: left top;background-repeat: no-repeat;padding-top:95px;padding-right:0px;padding-bottom:75px;padding-left:0px;border-top-width:0px;border-bottom-width:0px;border-color:#eae9e9;border-top-style:solid;border-bottom-style:solid;-webkit-background-size:cover;-moz-background-size:cover;-o-background-size:cover;background-size:cover;background-attachment:up;'><div class=\"fusion-builder-row fusion-row \"><div  class=\"fusion-layout-column fusion_builder_column fusion_builder_column_1_1  fusion-one-full fusion-column-first fusion-column-last fusion-column-no-min-height 1_1\"  style='margin-top:0px;margin-bottom:0px;'>\n\t\t\t\t\t<div class=\"fusion-column-wrapper\" style=\"padding: 0px 0px 0px 0px;background-position:left top;background-repeat:no-repeat;-webkit-background-size:cover;-moz-background-size:cover;-o-background-size:cover;background-size:cover;\"  data-bg-url=\"\">\n\t\t\t\t\t\t<div class=\"fusion-testimonials clean fusion-testimonials-1\" data-random=\"0\"><style type=\"text\/css\" scoped=\"scoped\">#fusion-testimonials-1 a{border-color:#ffffff;}#fusion-testimonials-1 a:hover, #fusion-testimonials-1 .activeSlide{background-color: #ffffff;}.fusion-testimonials.clean.fusion-testimonials-1 .author:after{border-top-color:transparent !important;}<\/style><div class=\"reviews\"><div class=\"review no-avatar\"><blockquote style=\"margin: -25px;background-color:transparent;\"><q style=\"background-color:transparent;color:#ffffff;\">\n<p><em><span style=\"font-weight: 400;\">Con mi equipo acostumbramos a llegar al aeropuerto de Barcelona muy cansados despu\u00e9s de largas jornadas de trabajo. El trayecto hasta la Garrotxa era largo y supon\u00eda un riesgo. Con Mr. Taxi hemos invertido en comodidad pero sobretodo en seguridad.<\/span><\/em><\/p>\n<\/q><\/blockquote><div class=\"author\" style=\"color:#ffffff;\"><span class=\"company-name\"><strong>Jordi<\/strong><\/span><\/div><\/div><div class=\"review no-avatar\"><blockquote style=\"margin: -25px;background-color:transparent;\"><q style=\"background-color:transparent;color:#ffffff;\">\n<p><i><span style=\"font-weight: 400;\">A menudo recibimos visitas internacionales que vienen a ver nuestras instalaciones. Con Mr. Taxi no tengo que desplazarme a recogerlos y tengo la seguridad que est\u00e1n en buenas manos y los tratan como si fuera yo misma, con el plus que son profesionales de la conducci\u00f3n. <\/span><\/i><\/p>\n<\/q><\/blockquote><div class=\"author\" style=\"color:#ffffff;\"><span class=\"company-name\"><strong>\u00c0ngela<\/strong><\/span><\/div><\/div><\/div><div class=\"testimonial-pagination\" id=\"fusion-testimonials-1\"><\/div><\/div><div class=\"fusion-clearfix\"><\/div>\n\n\t\t\t\t\t<\/div>\n\t\t\t\t<\/div><\/div><\/div><\/p>\n","protected":false},"excerpt":{"rendered":"","protected":false},"author":3,"featured_media":0,"parent":1477,"menu_order":0,"comment_status":"closed","ping_status":"closed","template":"100-width.php","meta":{"footnotes":""},"class_list":["post-1486","page","type-page","status-publish","hentry"],"_links":{"self":[{"href":"https:\/\/www.mrtaxi.cat\/es\/wp-json\/wp\/v2\/pages\/1486\/"}],"collection":[{"href":"https:\/\/www.mrtaxi.cat\/es\/wp-json\/wp\/v2\/pages\/"}],"about":[{"href":"https:\/\/www.mrtaxi.cat\/es\/wp-json\/wp\/v2\/types\/page\/"}],"author":[{"embeddable":true,"href":"https:\/\/www.mrtaxi.cat\/es\/wp-json\/wp\/v2\/users\/3\/"}],"replies":[{"embeddable":true,"href":"https:\/\/www.mrtaxi.cat\/es\/wp-json\/wp\/v2\/comments\/?post=1486"}],"version-history":[{"count":7,"href":"https:\/\/www.mrtaxi.cat\/es\/wp-json\/wp\/v2\/pages\/1486\/revisions\/"}],"predecessor-version":[{"id":1656,"href":"https:\/\/www.mrtaxi.cat\/es\/wp-json\/wp\/v2\/pages\/1486\/revisions\/1656\/"}],"up":[{"embeddable":true,"href":"https:\/\/www.mrtaxi.cat\/es\/wp-json\/wp\/v2\/pages\/1477\/"}],"wp:attachment":[{"href":"https:\/\/www.mrtaxi.cat\/es\/wp-json\/wp\/v2\/media\/?parent=1486"}],"curies":[{"name":"wp","href":"https:\/\/api.w.org\/{rel}","templated":true}]}}