{"id":1480,"date":"2019-07-02T16:14:58","date_gmt":"2019-07-02T14:14:58","guid":{"rendered":"https:\/\/www.mrtaxi.cat\/?page_id=1480"},"modified":"2019-07-03T19:02:49","modified_gmt":"2019-07-03T17:02:49","slug":"eventos","status":"publish","type":"page","link":"https:\/\/www.mrtaxi.cat\/es\/servicios\/eventos\/","title":{"rendered":"Eventos"},"content":{"rendered":"<p><div class=\"fusion-fullwidth fullwidth-box fusion-parallax-none nonhundred-percent-fullwidth non-hundred-percent-height-scrolling\"  style='background-color: rgba(255,255,255,0);background-image: url(\"http:\/\/mrtaxi.cat\/wp-content\/uploads\/2018\/12\/mr-taxi-serveis-events.png\");background-position: left top;background-repeat: no-repeat;padding-top:130px;padding-right:0px;padding-bottom:130px;padding-left:0px;border-top-width:0px;border-bottom-width:0px;border-color:#eae9e9;border-top-style:solid;border-bottom-style:solid;-webkit-background-size:cover;-moz-background-size:cover;-o-background-size:cover;background-size:cover;'><div class=\"fusion-builder-row fusion-row \"><div  class=\"fusion-layout-column fusion_builder_column fusion_builder_column_3_5  fusion-three-fifth fusion-column-first 3_5\"  style='margin-top:0px;margin-bottom:20px;width:58.4%; margin-right: 4%;'>\n\t\t\t\t\t<div class=\"fusion-column-wrapper\" style=\"padding: 0px 0px 0px 0px;background-position:left top;background-repeat:no-repeat;-webkit-background-size:cover;-moz-background-size:cover;-o-background-size:cover;background-size:cover;\"  data-bg-url=\"\">\n\t\t\t\t\t\t<div class=\"fusion-text\"><h2><span style=\"color: #ffffff;\">EVENTOS<\/span><\/h2>\n<\/div><div class=\"fusion-text\"><p><span style=\"color: #ffffff;\">Bodas, celebraciones, ferias, congresos,&#8230; Podemos poner nuestra flota a disposicio\u0144 de sus invitados o asistentes a su evento. <\/span><\/p>\n<\/div><div class=\"fusion-button-wrapper\"><style type=\"text\/css\" scoped=\"scoped\">.fusion-button.button-1 .fusion-button-text, .fusion-button.button-1 i {color:rgba(255,255,255,.75);}.fusion-button.button-1 {border-width:1px;border-color:rgba(255,255,255,.75);}.fusion-button.button-1 .fusion-button-icon-divider{border-color:rgba(255,255,255,.75);}.fusion-button.button-1:hover .fusion-button-text, .fusion-button.button-1:hover i,.fusion-button.button-1:focus .fusion-button-text, .fusion-button.button-1:focus i,.fusion-button.button-1:active .fusion-button-text, .fusion-button.button-1:active{color:rgba(255,255,255,.9);}.fusion-button.button-1:hover, .fusion-button.button-1:focus, .fusion-button.button-1:active{border-width:1px;border-color:rgba(255,255,255,.9);}.fusion-button.button-1:hover .fusion-button-icon-divider, .fusion-button.button-1:hover .fusion-button-icon-divider, .fusion-button.button-1:active .fusion-button-icon-divider{border-color:rgba(255,255,255,.9);}.fusion-button.button-1{width:auto;}<\/style><a class=\"fusion-button button-flat fusion-button-square button-xlarge button-default button-1\" target=\"_self\" href=\"https:\/\/www.mrtaxi.cat\/es\/contacto\/\"><span class=\"fusion-button-text\">CONTACTE CON NOSOTROS<\/span><\/a><\/div><div class=\"fusion-clearfix\"><\/div>\n\n\t\t\t\t\t<\/div>\n\t\t\t\t<\/div><\/div><\/div><div class=\"fusion-fullwidth fullwidth-box nonhundred-percent-fullwidth non-hundred-percent-height-scrolling\"  style='background-color: rgba(255,255,255,0);background-position: left top;background-repeat: no-repeat;padding-top:130px;padding-right:0px;padding-bottom:130px;padding-left:0px;border-top-width:0px;border-bottom-width:0px;border-color:#eae9e9;border-top-style:solid;border-bottom-style:solid;'><div class=\"fusion-builder-row fusion-row \"><div  class=\"fusion-layout-column fusion_builder_column fusion_builder_column_3_5  fusion-three-fifth fusion-column-first 3_5\"  style='margin-top:0px;margin-bottom:20px;width:58.4%; margin-right: 4%;'>\n\t\t\t\t\t<div class=\"fusion-column-wrapper\" style=\"padding: 0px 0px 0px 0px;background-position:left top;background-repeat:no-repeat;-webkit-background-size:cover;-moz-background-size:cover;-o-background-size:cover;background-size:cover;\"  data-bg-url=\"\">\n\t\t\t\t\t\t<div class=\"fusion-text\"><h2>NUESTRA FLOTA A SU DISPOSICI\u00d3N<\/h2>\n<\/div><div class=\"fusion-sep-clear\"><\/div><div class=\"fusion-separator sep-single sep-solid\" style=\"border-color:#e2e3e8;border-top-width:3px;margin-top:0px;margin-bottom:35px;width:100%;max-width:170px;\"><\/div><div class=\"fusion-text\"><h3><em>Los asistentes a una fiesta o a un evento profesional necesitan poder moverse con comodidad de un espacio a otro. Si es el anfitri\u00f3n de un acto y quiere ofrecer este servicio a sus invitados en Mr. Taxi se lo ponemos f\u00e1cil.<br \/>\n<\/em><\/h3>\n<\/div><div class=\"fusion-text\"><h2><\/h2>\n<p>Ya sea en eventos de uno o de diversos d\u00edas, podemos ponernos a su servicio seg\u00fan su conveniencia: toda la flota disponible exclusivamente para usted las 24 horas del d\u00eda, un veh\u00edculo siempre a su disponibilidad o diferentes veh\u00edculos en horas concretas si los desplazamientos ya est\u00e1n previstos.<\/p>\n<\/div><div class=\"fusion-clearfix\"><\/div>\n\n\t\t\t\t\t<\/div>\n\t\t\t\t<\/div><div  class=\"fusion-layout-column fusion_builder_column fusion_builder_column_2_5  fusion-two-fifth fusion-column-last 2_5\"  style='margin-top:0px;margin-bottom:20px;width:37.6%'>\n\t\t\t\t\t<div class=\"fusion-column-wrapper\" style=\"padding: 0px 0px 0px 0px;background-position:left top;background-repeat:no-repeat;-webkit-background-size:cover;-moz-background-size:cover;-o-background-size:cover;background-size:cover;\"  data-bg-url=\"\">\n\t\t\t\t\t\t<span class=\"fusion-imageframe imageframe-none imageframe-1 hover-type-zoomin fusion-animated\" data-animationType=\"fadeInDown\" data-animationDuration=\"1.0\" data-animationOffset=\"100%\"><a href=\"http:\/\/mrtaxi.cat\/wp-content\/uploads\/2018\/12\/Mr-taxi-serveis-esdeveniments-professionals.png\" class=\"fusion-lightbox\" data-rel=\"iLightbox[2792765e85d3d1ca330]\"><img decoding=\"async\" src=\"http:\/\/mrtaxi.cat\/wp-content\/uploads\/2018\/12\/Mr-taxi-serveis-esdeveniments-professionals.png\" width=\"\" height=\"\" alt=\"\" class=\"img-responsive\"\/><\/a><\/span><div class=\"fusion-sep-clear\"><\/div><div class=\"fusion-separator fusion-full-width-sep sep-none\" style=\"margin-left: auto;margin-right: auto;margin-top:10px;\"><\/div><span class=\"fusion-imageframe imageframe-none imageframe-2 hover-type-zoomin fusion-animated\" data-animationType=\"fadeInDown\" data-animationDuration=\"1.0\" data-animationOffset=\"100%\"><a href=\"http:\/\/mrtaxi.cat\/wp-content\/uploads\/2018\/12\/mr-taxi-serveis-esdeveniments-festes.png\" class=\"fusion-lightbox\" data-rel=\"iLightbox[3b2da7de67ed350c781]\"><img decoding=\"async\" src=\"http:\/\/mrtaxi.cat\/wp-content\/uploads\/2018\/12\/mr-taxi-serveis-esdeveniments-festes.png\" width=\"\" height=\"\" alt=\"\" class=\"img-responsive\"\/><\/a><\/span><div class=\"fusion-clearfix\"><\/div>\n\n\t\t\t\t\t<\/div>\n\t\t\t\t<\/div><\/div><\/div><div class=\"fusion-fullwidth fullwidth-box fusion-parallax-none nonhundred-percent-fullwidth non-hundred-percent-height-scrolling\"  style='background-color: rgba(255,255,255,0);background-image: url(\"http:\/\/mrtaxi.cat\/wp-content\/uploads\/2018\/12\/mr-taxi-events-festes-2.png\");background-position: center center;background-repeat: no-repeat;padding-top:110px;padding-right:0px;padding-bottom:50px;padding-left:0px;border-top-width:0px;border-bottom-width:0px;border-color:#eae9e9;border-top-style:solid;border-bottom-style:solid;-webkit-background-size:cover;-moz-background-size:cover;-o-background-size:cover;background-size:cover;'><div class=\"fusion-builder-row fusion-row \"><div  class=\"fusion-layout-column fusion_builder_column fusion_builder_column_2_5  fusion-two-fifth fusion-column-first 2_5\"  style='margin-top:0px;margin-bottom:0px;width:37.6%; margin-right: 4%;'>\n\t\t\t\t\t<div class=\"fusion-column-wrapper\" style=\"border-right:3px solid #ffffff;padding: 0px 0px 0px 0px;background-position:right center;background-repeat:no-repeat;-webkit-background-size:cover;-moz-background-size:cover;-o-background-size:cover;background-size:cover;\"  data-bg-url=\"\">\n\t\t\t\t\t\t<div class=\"fusion-text\"><h2><span style=\"color: #ffffff;\">APROVECHAR AL M\u00c1XIMO EL TIEMPO<br \/>\n<\/span><\/h2>\n<\/div><div class=\"fusion-clearfix\"><\/div>\n\n\t\t\t\t\t<\/div>\n\t\t\t\t<\/div><div  class=\"fusion-layout-column fusion_builder_column fusion_builder_column_3_5  fusion-three-fifth fusion-column-last 3_5\"  style='margin-top:0px;margin-bottom:100px;width:58.4%'>\n\t\t\t\t\t<div class=\"fusion-column-wrapper\" style=\"padding: 0px 0px 0px 0px;background-position:left top;background-repeat:no-repeat;-webkit-background-size:cover;-moz-background-size:cover;-o-background-size:cover;background-size:cover;\"  data-bg-url=\"\">\n\t\t\t\t\t\t<div class=\"fusion-text\"><h3><span style=\"color: #ffffff;\"><em> A una fiesta se va a disfrutar, a un evento de trabajo a trabajar.<\/em><\/span><\/h3>\n<p>&nbsp;<\/p>\n<h3><span style=\"color: #ffffff;\">Mr. Taxi nos ocupamos de los desplazamientos. <\/span><\/h3>\n<h3><\/h3>\n<\/div><div class=\"fusion-clearfix\"><\/div>\n\n\t\t\t\t\t<\/div>\n\t\t\t\t<\/div><\/div><\/div><div class=\"fusion-fullwidth fullwidth-box nonhundred-percent-fullwidth non-hundred-percent-height-scrolling fusion-equal-height-columns\"  style='background-color: rgba(255,255,255,0);background-position: left top;background-repeat: no-repeat;padding-top:130px;padding-right:0px;padding-bottom:110px;padding-left:0px;border-top-width:0px;border-bottom-width:0px;border-color:#eae9e9;border-top-style:solid;border-bottom-style:solid;'><div class=\"fusion-builder-row fusion-row \"><div  class=\"fusion-layout-column fusion_builder_column fusion_builder_column_1_2  fusion-one-half fusion-column-first fusion-blend-mode 1_2\"  style='margin-top:0px;margin-bottom:40px;width:48%; margin-right: 4%;'>\n\t\t\t\t\t<div class=\"fusion-column-wrapper\" style=\"background-color:#f8f8f8;padding: 0px 0px 0px 0px;background-position:left top;background-repeat:no-repeat;-webkit-background-size:cover;-moz-background-size:cover;-o-background-size:cover;background-size:cover;\"  data-bg-url=\"\">\n\t\t\t\t\t\t<div class=\"imageframe-align-center\"><span class=\"fusion-imageframe imageframe-none imageframe-3 hover-type-zoomin\"><a href=\"http:\/\/mrtaxi.cat\/wp-content\/uploads\/2018\/12\/mr-taxi-serveis-esdeveniments-boda.png\" class=\"fusion-lightbox\" data-rel=\"iLightbox[ed6fecad16bee2609f8]\"><img decoding=\"async\" src=\"http:\/\/mrtaxi.cat\/wp-content\/uploads\/2018\/12\/mr-taxi-serveis-esdeveniments-boda.png\" width=\"\" height=\"\" alt=\"\" class=\"img-responsive\"\/><\/a><\/span><\/div><div class=\"fusion-text\"><div style=\"padding: 25px;\">\n<h4>Fiestas<\/h4>\n<p><span style=\"font-weight: 400;\">Ha\u00a0 organizado una fiesta y quiere ofrecer a sus invitados la comodidad de recogerlos en su hotel o casa, llevarlos al sitio de la celebraci\u00f3n y que puedan volver cuando lo deseen? En Mr. Taxi le ofrecemos este servicio para que todo el mundo pueda disfrutar de la celebraci\u00f3n sin preocupaciones ni limitaciones de horario.\u00a0<\/span><\/p>\n<\/div>\n<\/div><div class=\"fusion-clearfix\"><\/div>\n\n\t\t\t\t\t<\/div>\n\t\t\t\t<\/div><div  class=\"fusion-layout-column fusion_builder_column fusion_builder_column_1_2  fusion-one-half fusion-column-last fusion-blend-mode 1_2\"  style='margin-top:0px;margin-bottom:20px;width:48%'>\n\t\t\t\t\t<div class=\"fusion-column-wrapper\" style=\"background-color:#f8f8f8;padding: 0px 0px 0px 0px;background-position:left top;background-repeat:no-repeat;-webkit-background-size:cover;-moz-background-size:cover;-o-background-size:cover;background-size:cover;\"  data-bg-url=\"\">\n\t\t\t\t\t\t<div class=\"imageframe-align-center\"><span class=\"fusion-imageframe imageframe-none imageframe-4 hover-type-zoomin\"><a href=\"http:\/\/mrtaxi.cat\/wp-content\/uploads\/2018\/12\/mr-taxi-serveis-esdeveniments-per-a-professionals.png\" class=\"fusion-lightbox\" data-rel=\"iLightbox[5063e255970c96e82df]\"><img decoding=\"async\" src=\"http:\/\/mrtaxi.cat\/wp-content\/uploads\/2018\/12\/mr-taxi-serveis-esdeveniments-per-a-professionals.png\" width=\"\" height=\"\" alt=\"\" class=\"img-responsive\"\/><\/a><\/span><\/div><div class=\"fusion-text\"><div style=\"padding: 25px;\">\n<h4>Eventos profesionales<\/h4>\n<p>Ferias, jornadas de formaci\u00f3n, congresos, etc. Tanto si es el organizador como si usted y su equipo asisten a un evento profesional, los veh\u00edculos de Mr. Taxi y sus conductores pueden estar a su disposici\u00f3n para todos aquellos desplazamientos que requieran durante el d\u00eda o los d\u00edas de la actividad.<\/p>\n<\/div>\n<\/div><div class=\"fusion-clearfix\"><\/div>\n\n\t\t\t\t\t<\/div>\n\t\t\t\t<\/div><\/div><\/div><div class=\"fusion-bg-parallax\"  data-bg-align=\"left top\" data-direction=\"up\" data-mute=\"false\" data-opacity=\"100\" data-velocity=\"-0.3\" data-mobile-enabled=\"false\" data-break_parents=\"0\" data-bg-image=\"http:\/\/mrtaxi.cat\/wp-content\/uploads\/2018\/12\/mr-taxi-serveis-events-i-actes.png\" data-bg-repeat=\"false\" data-bg-height=\"\" data-bg-width=\"\"><\/div><div class=\"fusion-fullwidth fullwidth-box fusion-parallax-up nonhundred-percent-fullwidth non-hundred-percent-height-scrolling\"  style='background-color: rgba(255,255,255,0);background-image: url(\"http:\/\/mrtaxi.cat\/wp-content\/uploads\/2018\/12\/mr-taxi-serveis-events-i-actes.png\");background-position: left top;background-repeat: no-repeat;padding-top:95px;padding-right:0px;padding-bottom:75px;padding-left:0px;border-top-width:0px;border-bottom-width:0px;border-color:#eae9e9;border-top-style:solid;border-bottom-style:solid;-webkit-background-size:cover;-moz-background-size:cover;-o-background-size:cover;background-size:cover;background-attachment:up;'><div class=\"fusion-builder-row fusion-row \"><div  class=\"fusion-layout-column fusion_builder_column fusion_builder_column_1_1  fusion-one-full fusion-column-first fusion-column-last fusion-column-no-min-height 1_1\"  style='margin-top:0px;margin-bottom:0px;'>\n\t\t\t\t\t<div class=\"fusion-column-wrapper\" style=\"padding: 0px 0px 0px 0px;background-position:left top;background-repeat:no-repeat;-webkit-background-size:cover;-moz-background-size:cover;-o-background-size:cover;background-size:cover;\"  data-bg-url=\"\">\n\t\t\t\t\t\t<div class=\"fusion-testimonials clean fusion-testimonials-1\" data-random=\"0\"><style type=\"text\/css\" scoped=\"scoped\">#fusion-testimonials-1 a{border-color:#ffffff;}#fusion-testimonials-1 a:hover, #fusion-testimonials-1 .activeSlide{background-color: #ffffff;}.fusion-testimonials.clean.fusion-testimonials-1 .author:after{border-top-color:transparent !important;}<\/style><div class=\"reviews\"><div class=\"review no-avatar\"><blockquote style=\"margin: -25px;background-color:transparent;\"><q style=\"background-color:transparent;color:#ffffff;\">\n<p><span style=\"font-weight: 400;\">Mr. Taxi llev\u00f3 a los invitados de nuestra boda a la ceremonia y al banquete. Despu\u00e9s, durante todo el d\u00eda, hubo un coche disponible para cuando alguien se quer\u00eda ir. Una buena inversi\u00f3n en comodidad y tranquilidad.\u00a0<\/span><\/p>\n<\/q><\/blockquote><div class=\"author\" style=\"color:#ffffff;\"><span class=\"company-name\"><strong>Carla i Juli\u00e0<\/strong><\/span><\/div><\/div><div class=\"review no-avatar\"><blockquote style=\"margin: -25px;background-color:transparent;\"><q style=\"background-color:transparent;color:#ffffff;\">\n<p><span style=\"font-weight: 400;\">Cuando asistimos a una feria con el equipo comercial valoramos muy positivamente contar con uno o diversos coches a nuestra disposici\u00f3n para aprovechar peque\u00f1os momentos libres e ir a descansar al hotel, hacer visitas a oficinas o reuniones y comidas fuera del recinto.\u00a0<\/span><\/p>\n<\/q><\/blockquote><div class=\"author\" style=\"color:#ffffff;\"><span class=\"company-name\"><strong>Joan<\/strong><\/span><\/div><\/div><\/div><div class=\"testimonial-pagination\" id=\"fusion-testimonials-1\"><\/div><\/div><div class=\"fusion-clearfix\"><\/div>\n\n\t\t\t\t\t<\/div>\n\t\t\t\t<\/div><\/div><\/div><\/p>\n","protected":false},"excerpt":{"rendered":"","protected":false},"author":3,"featured_media":0,"parent":1477,"menu_order":0,"comment_status":"closed","ping_status":"closed","template":"100-width.php","meta":{"footnotes":""},"class_list":["post-1480","page","type-page","status-publish","hentry"],"_links":{"self":[{"href":"https:\/\/www.mrtaxi.cat\/es\/wp-json\/wp\/v2\/pages\/1480\/"}],"collection":[{"href":"https:\/\/www.mrtaxi.cat\/es\/wp-json\/wp\/v2\/pages\/"}],"about":[{"href":"https:\/\/www.mrtaxi.cat\/es\/wp-json\/wp\/v2\/types\/page\/"}],"author":[{"embeddable":true,"href":"https:\/\/www.mrtaxi.cat\/es\/wp-json\/wp\/v2\/users\/3\/"}],"replies":[{"embeddable":true,"href":"https:\/\/www.mrtaxi.cat\/es\/wp-json\/wp\/v2\/comments\/?post=1480"}],"version-history":[{"count":14,"href":"https:\/\/www.mrtaxi.cat\/es\/wp-json\/wp\/v2\/pages\/1480\/revisions\/"}],"predecessor-version":[{"id":1655,"href":"https:\/\/www.mrtaxi.cat\/es\/wp-json\/wp\/v2\/pages\/1480\/revisions\/1655\/"}],"up":[{"embeddable":true,"href":"https:\/\/www.mrtaxi.cat\/es\/wp-json\/wp\/v2\/pages\/1477\/"}],"wp:attachment":[{"href":"https:\/\/www.mrtaxi.cat\/es\/wp-json\/wp\/v2\/media\/?parent=1480"}],"curies":[{"name":"wp","href":"https:\/\/api.w.org\/{rel}","templated":true}]}}